{"id":93,"date":"2017-09-22T14:14:17","date_gmt":"2017-09-22T14:14:17","guid":{"rendered":"http:\/\/www.crecerbien.cl\/cb\/?page_id=93"},"modified":"2024-08-15T18:05:07","modified_gmt":"2024-08-15T18:05:07","slug":"nosotros","status":"publish","type":"page","link":"https:\/\/www.crecerbien.cl\/cb\/nosotros\/","title":{"rendered":"Somos Crecer Bien"},"content":{"rendered":"<p>[vc_row content_placement=\u00bbmiddle\u00bb row_delimiter=\u00bb\u00bb hide_on_desktop=\u00bb\u00bb hide_on_notebook=\u00bb\u00bb hide_on_tablet=\u00bb1&#8243; hide_on_mobile=\u00bb1&#8243; hide_on_frontpage=\u00bb\u00bb][vc_column icons_position=\u00bbleft\u00bb][vc_empty_space height=\u00bb2em\u00bb alter_height=\u00bbnone\u00bb hide_on_desktop=\u00bb\u00bb hide_on_notebook=\u00bb\u00bb hide_on_tablet=\u00bb\u00bb hide_on_mobile=\u00bb\u00bb][\/vc_column][vc_column width=\u00bb1\/2&#8243; icons_position=\u00bbleft\u00bb][vc_single_image image=\u00bb2029&#8243; img_size=\u00bbfull\u00bb][\/vc_column][vc_column width=\u00bb1\/2&#8243; icons_position=\u00bbleft\u00bb][vc_empty_space height=\u00bb0.5em\u00bb alter_height=\u00bbnone\u00bb hide_on_desktop=\u00bb\u00bb hide_on_notebook=\u00bb1&#8243; hide_on_tablet=\u00bb1&#8243; hide_on_mobile=\u00bb1&#8243;][vc_empty_space height=\u00bb4.5em\u00bb alter_height=\u00bbnone\u00bb hide_on_desktop=\u00bb1&#8243; hide_on_notebook=\u00bb1&#8243; hide_on_tablet=\u00bb1&#8243; hide_on_mobile=\u00bb\u00bb]<div id=\"sc_title_1528262048\"\n\t\tclass=\"sc_title sc_title_default\"><h6 class=\"sc_item_subtitle sc_title_subtitle sc_align_left sc_item_title_style_default\">Somos Crecer Bien<\/h6><h2 class=\"sc_item_title sc_title_title sc_align_left sc_item_title_style_default\">Salud Mental & Familiar<\/h2><\/div><!-- \/.sc_title -->[vc_empty_space height=\u00bb3.5em\u00bb alter_height=\u00bbnone\u00bb hide_on_desktop=\u00bb\u00bb hide_on_notebook=\u00bb\u00bb hide_on_tablet=\u00bb\u00bb hide_on_mobile=\u00bb\u00bb][vc_custom_heading text=\u00bb\u201cSi est\u00e1s abrumad@, perm\u00edtenos ayudarte.\u201d\u00bb font_container=\u00bbtag:h6|text_align:left|color:%23707170&#8243; use_theme_fonts=\u00bbyes\u00bb css=\u00bb.vc_custom_1643915367037{margin-top: 0px !important;margin-bottom: 0px !important;}\u00bb][vc_empty_space height=\u00bb1.4em\u00bb alter_height=\u00bbnone\u00bb hide_on_desktop=\u00bb\u00bb hide_on_notebook=\u00bb\u00bb hide_on_tablet=\u00bb\u00bb hide_on_mobile=\u00bb\u00bb][vc_column_text]Crecer Bien es un centro dedicado a atender las necesidades de ni\u00f1os, j\u00f3venes, adultos y familias, proporcion\u00e1ndoles una atenci\u00f3n de calidad, respetuosa con su etapa de desarrollo. Los profesionales que conforman el equipo de Crecer Bien se caracterizan por el compromiso con las personas. Su objetivo principal es estimular el crecimiento arm\u00f3nico y positivo de los individuos.[\/vc_column_text][vc_separator color=\u00bbcustom\u00bb accent_color=\u00bb#dbdbdb\u00bb css=\u00bb.vc_custom_1529507358201{margin-top: 4em !important;margin-bottom: 4em !important;}\u00bb][vc_row_inner][vc_column_inner icons_position=\u00bbleft\u00bb offset=\u00bbvc_col-lg-6 vc_col-md-6&#8243;][vc_column_text css=\u00bb.vc_custom_1643915537084{margin-top: 0px !important;margin-bottom: 0.5em !important;}\u00bb]<\/p>\n<h6>Hablemos<\/h6>\n<p>[\/vc_column_text][vc_column_text css=\u00bb.vc_custom_1643915448159{margin-top: 0px !important;margin-bottom: 0px !important;}\u00bb]<\/p>\n<h5><a href=\"tel:+56961367735\"><strong>+569 613 67 735<\/strong><\/a><\/h5>\n<p>[\/vc_column_text][vc_empty_space height=\u00bb1.5em\u00bb alter_height=\u00bbnone\u00bb hide_on_desktop=\u00bb1&#8243; hide_on_notebook=\u00bb1&#8243; hide_on_tablet=\u00bb\u00bb hide_on_mobile=\u00bb\u00bb][\/vc_column_inner][vc_column_inner icons_position=\u00bbleft\u00bb offset=\u00bbvc_col-lg-6 vc_col-md-6&#8243;]<a href=\"#\" id=\"sc_button_1500180121\" class=\"sc_button color_style_link2 sc_button_default sc_button_size_normal sc_button_icon_left\"><span class=\"sc_button_text\"><span class=\"sc_button_title\">Agenda Online<\/span><\/span><!-- \/.sc_button_text --><\/a><!-- \/.sc_button -->[\/vc_column_inner][\/vc_row_inner][\/vc_column][vc_column icons_position=\u00bbleft\u00bb][vc_empty_space height=\u00bb8.7em\u00bb alter_height=\u00bbnone\u00bb hide_on_desktop=\u00bb\u00bb hide_on_notebook=\u00bb\u00bb hide_on_tablet=\u00bb\u00bb hide_on_mobile=\u00bb\u00bb][\/vc_column][\/vc_row][vc_row content_placement=\u00bbmiddle\u00bb row_delimiter=\u00bb\u00bb hide_on_desktop=\u00bb1&#8243; hide_on_notebook=\u00bb1&#8243; hide_on_tablet=\u00bb\u00bb hide_on_mobile=\u00bb\u00bb hide_on_frontpage=\u00bb\u00bb][vc_column icons_position=\u00bbleft\u00bb][vc_empty_space height=\u00bb2em\u00bb alter_height=\u00bbnone\u00bb hide_on_desktop=\u00bb\u00bb hide_on_notebook=\u00bb\u00bb hide_on_tablet=\u00bb\u00bb hide_on_mobile=\u00bb\u00bb][\/vc_column][vc_column width=\u00bb1\/2&#8243; icons_position=\u00bbleft\u00bb][vc_single_image image=\u00bb352&#8243; img_size=\u00bbfull\u00bb][\/vc_column][vc_column width=\u00bb1\/2&#8243; icons_position=\u00bbleft\u00bb][vc_empty_space height=\u00bb0.5em\u00bb alter_height=\u00bbnone\u00bb hide_on_desktop=\u00bb\u00bb hide_on_notebook=\u00bb1&#8243; hide_on_tablet=\u00bb1&#8243; hide_on_mobile=\u00bb1&#8243;][vc_empty_space height=\u00bb4.5em\u00bb alter_height=\u00bbnone\u00bb hide_on_desktop=\u00bb1&#8243; hide_on_notebook=\u00bb1&#8243; hide_on_tablet=\u00bb1&#8243; hide_on_mobile=\u00bb\u00bb]<div id=\"sc_title_57074794\"\n\t\tclass=\"sc_title sc_title_default\"><h6 class=\"sc_item_subtitle sc_title_subtitle sc_align_left sc_item_title_style_default\">Somos CrecerBien<\/h6><h2 class=\"sc_item_title sc_title_title sc_align_left sc_item_title_style_default\">Salud Mental & Familiar<\/h2><\/div><!-- \/.sc_title -->[vc_empty_space height=\u00bb3.5em\u00bb alter_height=\u00bbnone\u00bb hide_on_desktop=\u00bb\u00bb hide_on_notebook=\u00bb\u00bb hide_on_tablet=\u00bb\u00bb hide_on_mobile=\u00bb\u00bb][vc_custom_heading text=\u00bb\u201cSi est\u00e1s abrumad@, perm\u00edtenos ayudarte.\u201d\u00bb font_container=\u00bbtag:h6|text_align:left|color:%23707170&#8243; use_theme_fonts=\u00bbyes\u00bb css=\u00bb.vc_custom_1643915717153{margin-top: 0px !important;margin-bottom: 0px !important;}\u00bb][vc_empty_space height=\u00bb1.4em\u00bb alter_height=\u00bbnone\u00bb hide_on_desktop=\u00bb\u00bb hide_on_notebook=\u00bb\u00bb hide_on_tablet=\u00bb\u00bb hide_on_mobile=\u00bb\u00bb][vc_column_text]Crecer Bien es un centro dedicado a atender las necesidades de ni\u00f1os, j\u00f3venes, adultos y familias, proporcion\u00e1ndoles una atenci\u00f3n de calidad, respetuosa con su etapa de desarrollo. Los profesionales que conforman el equipo de Crecer Bien se caracterizan por el compromiso con las personas. Su objetivo principal es estimular el crecimiento arm\u00f3nico y positivo de los individuos.[\/vc_column_text][vc_separator color=\u00bbcustom\u00bb accent_color=\u00bb#dbdbdb\u00bb css=\u00bb.vc_custom_1529507358201{margin-top: 4em !important;margin-bottom: 4em !important;}\u00bb][vc_row_inner][vc_column_inner icons_position=\u00bbleft\u00bb offset=\u00bbvc_col-lg-6 vc_col-md-6&#8243;][vc_column_text css=\u00bb.vc_custom_1643915740651{margin-top: 0px !important;margin-bottom: 0.5em !important;}\u00bb]<\/p>\n<h6>Hablemos<\/h6>\n<p>[\/vc_column_text][vc_column_text css=\u00bb.vc_custom_1643915760581{margin-top: 0px !important;margin-bottom: 0px !important;}\u00bb]<\/p>\n<h5><a href=\"tel:+56961367735\"><strong>+569 613 67 735<\/strong><\/a><\/h5>\n<p>[\/vc_column_text][vc_empty_space height=\u00bb1.5em\u00bb alter_height=\u00bbnone\u00bb hide_on_desktop=\u00bb1&#8243; hide_on_notebook=\u00bb1&#8243; hide_on_tablet=\u00bb\u00bb hide_on_mobile=\u00bb\u00bb][\/vc_column_inner][vc_column_inner icons_position=\u00bbleft\u00bb offset=\u00bbvc_col-lg-6 vc_col-md-6&#8243;]<a href=\"#\" id=\"sc_button_463409760\" class=\"sc_button color_style_link2 sc_button_default sc_button_size_normal sc_button_icon_left\"><span class=\"sc_button_text\"><span class=\"sc_button_title\">Agenda online<\/span><\/span><!-- \/.sc_button_text --><\/a><!-- \/.sc_button -->[\/vc_column_inner][\/vc_row_inner][\/vc_column][vc_column icons_position=\u00bbleft\u00bb][vc_empty_space height=\u00bb8.7em\u00bb alter_height=\u00bbnone\u00bb hide_on_desktop=\u00bb\u00bb hide_on_notebook=\u00bb\u00bb hide_on_tablet=\u00bb\u00bb hide_on_mobile=\u00bb\u00bb][\/vc_column][\/vc_row][vc_row full_width=\u00bbstretch_row_content_no_spaces\u00bb equal_height=\u00bbyes\u00bb][vc_column width=\u00bb1\/2&#8243; hide_bg_image_on_tablet=\u00bb\u00bb hide_bg_image_on_mobile=\u00bb\u00bb icons_position=\u00bbleft\u00bb css=\u00bb.vc_custom_1531217671940{background-color: #7fb98d !important;}\u00bb offset=\u00bbvc_hidden-sm vc_hidden-xs\u00bb][vc_single_image image=\u00bb2052&#8243; img_size=\u00bbfull\u00bb]<div id=\"sc_content_491306352\"\n\t\tclass=\"sc_content sc_content_default sc_float_center sc_padding_large  vc_custom_1529567526657\"><div class=\"sc_content_container\">[vc_empty_space height=\u00bb1.7em\u00bb alter_height=\u00bbnone\u00bb hide_on_desktop=\u00bb\u00bb hide_on_notebook=\u00bb\u00bb hide_on_tablet=\u00bb\u00bb hide_on_mobile=\u00bb\u00bb]<div id=\"sc_title_750214968\"\n\t\tclass=\"sc_title scheme_dark sc_title_default  vc_custom_1643915883811\"><h6 class=\"sc_item_subtitle sc_title_subtitle sc_align_left sc_item_title_style_default\">CrecerBien<\/h6><h2 class=\"sc_item_title sc_title_title sc_align_left sc_item_title_style_default\">Nuestra Historia<\/h2><\/div><!-- \/.sc_title -->[vc_empty_space height=\u00bb2em\u00bb alter_height=\u00bbnone\u00bb hide_on_desktop=\u00bb\u00bb hide_on_notebook=\u00bb\u00bb hide_on_tablet=\u00bb\u00bb hide_on_mobile=\u00bb\u00bb][vc_column_text css=\u00bb.vc_custom_1643915955613{background-color: #7fb98d !important;}\u00bb]<span style=\"color: #ffffff;\">Crecer Bien nace el a\u00f1o 2013, por la necesidad de ofrecer un espacio de atenci\u00f3n integral donde los ni\u00f1os y adultos puedan sentirse gratos y en confianza, y encontrar en un solo lugar todo el apoyo que necesitan. <\/span><\/p>\n<p><span style=\"color: #ffffff;\">La experiencia de nuestros profesionales, junto con el cari\u00f1o y su dedicaci\u00f3n han contribuido a consolidar un equipo especial y dedicado a nuestros pacientes.<\/span>[\/vc_column_text][vc_empty_space height=\u00bb2.5em\u00bb alter_height=\u00bbnone\u00bb hide_on_desktop=\u00bb\u00bb hide_on_notebook=\u00bb\u00bb hide_on_tablet=\u00bb\u00bb hide_on_mobile=\u00bb\u00bb]<\/div><\/div><!-- \/.sc_content -->[\/vc_column][vc_column width=\u00bb1\/2&#8243; hide_bg_image_on_tablet=\u00bb\u00bb hide_bg_image_on_mobile=\u00bb\u00bb icons_position=\u00bbleft\u00bb css=\u00bb.vc_custom_1531217690856{background-color: #f3f2ee !important;}\u00bb offset=\u00bbvc_hidden-sm vc_hidden-xs\u00bb]<div id=\"sc_content_966945115\"\n\t\tclass=\"sc_content sc_content_default sc_float_center sc_margin_large\"><div class=\"sc_content_container\">[vc_empty_space height=\u00bb4.6em\u00bb alter_height=\u00bbnone\u00bb hide_on_desktop=\u00bb\u00bb hide_on_notebook=\u00bb\u00bb hide_on_tablet=\u00bb\u00bb hide_on_mobile=\u00bb1&#8243;]<div id=\"sc_title_952648258\"\n\t\tclass=\"sc_title sc_title_default\"><h6 class=\"sc_item_subtitle sc_title_subtitle sc_align_left sc_item_title_style_default\">Crecer Bien<\/h6><h2 class=\"sc_item_title sc_title_title sc_align_left sc_item_title_style_default\">Misi\u00f3n & Visi\u00f3n<\/h2><\/div><!-- \/.sc_title -->[vc_empty_space height=\u00bb1.6em\u00bb alter_height=\u00bbnone\u00bb hide_on_desktop=\u00bb\u00bb hide_on_notebook=\u00bb\u00bb hide_on_tablet=\u00bb\u00bb hide_on_mobile=\u00bb\u00bb][vc_column_text]Nuestros valores son:<\/p>\n<ul class=\"trx_addons_list_dot\">\n<li>Compromiso con las Familias<\/li>\n<li>Inter\u00e9s por las Personas<\/li>\n<li>Responsabilidad Social<\/li>\n<li>Trabajo en Equipo<\/li>\n<li>Integridad<\/li>\n<\/ul>\n<p>[\/vc_column_text][vc_empty_space height=\u00bb4.8em\u00bb alter_height=\u00bbnone\u00bb hide_on_desktop=\u00bb\u00bb hide_on_notebook=\u00bb1&#8243; hide_on_tablet=\u00bb1&#8243; hide_on_mobile=\u00bb\u00bb][vc_empty_space height=\u00bb1.8em\u00bb alter_height=\u00bbnone\u00bb hide_on_desktop=\u00bb1&#8243; hide_on_notebook=\u00bb\u00bb hide_on_tablet=\u00bb\u00bb hide_on_mobile=\u00bb1&#8243;]<a href=\"#\" id=\"sc_button_323603181\" class=\"sc_button color_style_link2 sc_button_default sc_button_size_normal sc_button_icon_left\"><span class=\"sc_button_text\"><span class=\"sc_button_title\">Agenda online<\/span><\/span><!-- \/.sc_button_text --><\/a><!-- \/.sc_button --><\/div><\/div><!-- \/.sc_content -->[\/vc_column][\/vc_row][vc_row hide_bg_image_on_tablet=\u00bb\u00bb hide_bg_image_on_mobile=\u00bb\u00bb][vc_column hide_bg_image_on_tablet=\u00bb\u00bb hide_bg_image_on_mobile=\u00bb\u00bb icons_position=\u00bbleft\u00bb offset=\u00bbvc_hidden-lg vc_hidden-md\u00bb][vc_single_image image=\u00bb363&#8243; img_size=\u00bbfull\u00bb]<div id=\"sc_content_1440006740\"\n\t\tclass=\"sc_content sc_content_default sc_float_center sc_padding_large  vc_custom_1529567526657\"><div class=\"sc_content_container\">[vc_empty_space height=\u00bb1.7em\u00bb alter_height=\u00bbnone\u00bb hide_on_desktop=\u00bb\u00bb hide_on_notebook=\u00bb\u00bb hide_on_tablet=\u00bb\u00bb hide_on_mobile=\u00bb1&#8243;]<div id=\"sc_title_2112525663\"\n\t\tclass=\"sc_title scheme_dark sc_title_default  vc_custom_1643916228279\"><h6 class=\"sc_item_subtitle sc_title_subtitle sc_align_left sc_item_title_style_default\">Crecer Bien<\/h6><h2 class=\"sc_item_title sc_title_title sc_align_left sc_item_title_style_default\">Nuestra Historia<\/h2><\/div><!-- \/.sc_title -->[vc_empty_space height=\u00bb2em\u00bb alter_height=\u00bbnone\u00bb hide_on_desktop=\u00bb\u00bb hide_on_notebook=\u00bb\u00bb hide_on_tablet=\u00bb\u00bb hide_on_mobile=\u00bb\u00bb][vc_column_text css=\u00bb.vc_custom_1643916249861{background-color: #7fb98d !important;}\u00bb]<span style=\"color: #ffffff;\">Crecer Bien nace el a\u00f1o 2013, por la necesidad de ofrecer un espacio de atenci\u00f3n integral donde los ni\u00f1os y adultos puedan sentirse gratos y en confianza, y encontrar en un solo lugar todo el apoyo que necesitan.<\/span><\/p>\n<p><span style=\"color: #ffffff;\">La experiencia de nuestros profesionales, junto con el cari\u00f1o y su dedicaci\u00f3n han contribuido a consolidar un equipo especial y dedicado a nuestros pacientes.<\/span>[\/vc_column_text][vc_empty_space height=\u00bb2.5em\u00bb alter_height=\u00bbnone\u00bb hide_on_desktop=\u00bb\u00bb hide_on_notebook=\u00bb\u00bb hide_on_tablet=\u00bb\u00bb hide_on_mobile=\u00bb1&#8243;]<\/div><\/div><!-- \/.sc_content -->[\/vc_column][\/vc_row][vc_row equal_height=\u00bbyes\u00bb][vc_column hide_bg_image_on_tablet=\u00bb\u00bb hide_bg_image_on_mobile=\u00bb\u00bb icons_position=\u00bbleft\u00bb offset=\u00bbvc_hidden-lg vc_hidden-md\u00bb]<div id=\"sc_content_2083495920\"\n\t\tclass=\"sc_content sc_content_default sc_float_center sc_padding_large  vc_custom_1531219545229\"><div class=\"sc_content_container\"><div id=\"sc_title_1388951531\"\n\t\tclass=\"sc_title sc_title_default\"><h6 class=\"sc_item_subtitle sc_title_subtitle sc_align_left sc_item_title_style_default\">Crecer Bien<\/h6><h2 class=\"sc_item_title sc_title_title sc_align_left sc_item_title_style_default\">Misi\u00f3n & Visi\u00f3n<\/h2><\/div><!-- \/.sc_title -->[vc_empty_space height=\u00bb1.5em\u00bb alter_height=\u00bbnone\u00bb hide_on_desktop=\u00bb\u00bb hide_on_notebook=\u00bb\u00bb hide_on_tablet=\u00bb\u00bb hide_on_mobile=\u00bb\u00bb][vc_column_text el_class=\u00bbabout2_different_list\u00bb]Nuestros valores son:<\/p>\n<ul class=\"trx_addons_list_dot\">\n<li>Compromiso con las Familias<\/li>\n<li>Inter\u00e9s por las Personas<\/li>\n<li>Responsabilidad Social<\/li>\n<li>Trabajo en Equipo<\/li>\n<li>Integridad<\/li>\n<\/ul>\n<p>[\/vc_column_text][vc_empty_space height=\u00bb2em\u00bb alter_height=\u00bbnone\u00bb hide_on_desktop=\u00bb\u00bb hide_on_notebook=\u00bb\u00bb hide_on_tablet=\u00bb\u00bb hide_on_mobile=\u00bb\u00bb]<a href=\"#\" id=\"sc_button_1098427930\" class=\"sc_button color_style_link2 sc_button_default sc_button_size_normal sc_button_icon_left\"><span class=\"sc_button_text\"><span class=\"sc_button_title\">Agenda Online<\/span><\/span><!-- \/.sc_button_text --><\/a><!-- \/.sc_button --><\/div><\/div><!-- \/.sc_content -->[\/vc_column][\/vc_row][vc_row][vc_column icons_position=\u00bbleft\u00bb][vc_empty_space height=\u00bb8.7em\u00bb alter_height=\u00bbnone\u00bb hide_on_desktop=\u00bb\u00bb hide_on_notebook=\u00bb\u00bb hide_on_tablet=\u00bb\u00bb hide_on_mobile=\u00bb\u00bb][\/vc_column][\/vc_row][vc_row][vc_column icons_position=\u00bbleft\u00bb][vc_column_text]<br \/>\n[\/vc_column_text][\/vc_column][\/vc_row][vc_row][vc_column width=\u00bb1\/2&#8243; icons_position=\u00bbleft\u00bb][vc_single_image image=\u00bb2033&#8243; img_size=\u00bbfull\u00bb][\/vc_column][vc_column width=\u00bb1\/2&#8243; icons_position=\u00bbleft\u00bb][vc_empty_space height=\u00bb3em\u00bb alter_height=\u00bbnone\u00bb hide_on_desktop=\u00bb\u00bb hide_on_notebook=\u00bb\u00bb hide_on_tablet=\u00bb1&#8243; hide_on_mobile=\u00bb\u00bb]<div id=\"sc_title_980094911\"\n\t\tclass=\"sc_title sc_title_default\"><h6 class=\"sc_item_subtitle sc_title_subtitle sc_align_left sc_item_title_style_default\">\u00bfDudas?<\/h6><h2 class=\"sc_item_title sc_title_title sc_align_left sc_item_title_style_default\">\u00a1Hablemos!<\/h2><\/div><!-- \/.sc_title -->[vc_empty_space height=\u00bb3.5em\u00bb alter_height=\u00bbnone\u00bb hide_on_desktop=\u00bb\u00bb hide_on_notebook=\u00bb\u00bb hide_on_tablet=\u00bb\u00bb hide_on_mobile=\u00bb\u00bb]<div id=\"widget_contacts_1392628550\" class=\"widget_area sc_widget_contacts vc_widget_contacts wpb_content_element\"><aside id=\"widget_contacts_1392628550_widget\" class=\"widget widget_contacts\"><div class=\"contacts_wrap\"><div class=\"contacts_info\"><span class=\"contacts_address\">Mariano S\u00e1nchez Fontecilla 1402, Las Condes <br>Avda. 5 de Abril N\u00b0 0500, Maip\u00fa.<\/span><span class=\"contacts_email\"><a href=\"mailto:&#99;&#111;n&#116;&#97;&#99;t&#111;&#46;&#99;esm&#101;f&#64;g&#109;&#97;&#105;&#108;&#46;c&#111;&#109;\">c&#111;&#110;ta&#99;&#116;o&#46;&#99;&#101;&#115;&#109;&#101;&#102;&#64;gm&#97;i&#108;.&#99;om<\/a><\/span><a href=\"tel:+56961367735\" class=\"contacts_phone\">+56961367735<\/a><\/div><\/div><!-- \/.contacts_wrap --><\/aside><\/div>[\/vc_column][\/vc_row]<\/p>\n","protected":false},"excerpt":{"rendered":"<p>[vc_row content_placement=\u00bbmiddle\u00bb row_delimiter=\u00bb\u00bb hide_on_desktop=\u00bb\u00bb hide_on_notebook=\u00bb\u00bb hide_on_tablet=\u00bb1&#8243; hide_on_mobile=\u00bb1&#8243; hide_on_frontpage=\u00bb\u00bb][vc_column icons_position=\u00bbleft\u00bb][vc_empty_space height=\u00bb2em\u00bb alter_height=\u00bbnone\u00bb hide_on_desktop=\u00bb\u00bb hide_on_notebook=\u00bb\u00bb hide_on_tablet=\u00bb\u00bb hide_on_mobile=\u00bb\u00bb][\/vc_column][vc_column width=\u00bb1\/2&#8243; icons_position=\u00bbleft\u00bb][vc_single_image image=\u00bb2029&#8243; img_size=\u00bbfull\u00bb][\/vc_column][vc_column width=\u00bb1\/2&#8243; icons_position=\u00bbleft\u00bb][vc_empty_space height=\u00bb0.5em\u00bb alter_height=\u00bbnone\u00bb hide_on_desktop=\u00bb\u00bb hide_on_notebook=\u00bb1&#8243; hide_on_tablet=\u00bb1&#8243; hide_on_mobile=\u00bb1&#8243;][vc_empty_space height=\u00bb4.5em\u00bb alter_height=\u00bbnone\u00bb hide_on_desktop=\u00bb1&#8243; hide_on_notebook=\u00bb1&#8243; hide_on_tablet=\u00bb1&#8243; hide_on_mobile=\u00bb\u00bb][vc_empty_space height=\u00bb3.5em\u00bb alter_height=\u00bbnone\u00bb hide_on_desktop=\u00bb\u00bb hide_on_notebook=\u00bb\u00bb hide_on_tablet=\u00bb\u00bb hide_on_mobile=\u00bb\u00bb][vc_custom_heading text=\u00bb\u201cSi est\u00e1s abrumad@, perm\u00edtenos ayudarte.\u201d\u00bb font_container=\u00bbtag:h6|text_align:left|color:%23707170&#8243; use_theme_fonts=\u00bbyes\u00bb css=\u00bb.vc_custom_1643915367037{margin-top: 0px !important;margin-bottom: 0px !important;}\u00bb][vc_empty_space height=\u00bb1.4em\u00bb alter_height=\u00bbnone\u00bb hide_on_desktop=\u00bb\u00bb hide_on_notebook=\u00bb\u00bb hide_on_tablet=\u00bb\u00bb hide_on_mobile=\u00bb\u00bb][vc_column_text]Crecer Bien es un&hellip;<\/p>\n","protected":false},"author":1,"featured_media":0,"parent":0,"menu_order":0,"comment_status":"closed","ping_status":"closed","template":"","meta":{"footnotes":""},"class_list":["post-93","page","type-page","status-publish","hentry"],"_links":{"self":[{"href":"https:\/\/www.crecerbien.cl\/cb\/wp-json\/wp\/v2\/pages\/93","targetHints":{"allow":["GET"]}}],"collection":[{"href":"https:\/\/www.crecerbien.cl\/cb\/wp-json\/wp\/v2\/pages"}],"about":[{"href":"https:\/\/www.crecerbien.cl\/cb\/wp-json\/wp\/v2\/types\/page"}],"author":[{"embeddable":true,"href":"https:\/\/www.crecerbien.cl\/cb\/wp-json\/wp\/v2\/users\/1"}],"replies":[{"embeddable":true,"href":"https:\/\/www.crecerbien.cl\/cb\/wp-json\/wp\/v2\/comments?post=93"}],"version-history":[{"count":7,"href":"https:\/\/www.crecerbien.cl\/cb\/wp-json\/wp\/v2\/pages\/93\/revisions"}],"predecessor-version":[{"id":2566,"href":"https:\/\/www.crecerbien.cl\/cb\/wp-json\/wp\/v2\/pages\/93\/revisions\/2566"}],"wp:attachment":[{"href":"https:\/\/www.crecerbien.cl\/cb\/wp-json\/wp\/v2\/media?parent=93"}],"curies":[{"name":"wp","href":"https:\/\/api.w.org\/{rel}","templated":true}]}}