{"id":2137,"date":"2022-03-18T20:57:48","date_gmt":"2022-03-18T20:57:48","guid":{"rendered":"http:\/\/www.crecerbien.cl\/?page_id=2137"},"modified":"2026-01-12T00:43:40","modified_gmt":"2026-01-12T00:43:40","slug":"talleres","status":"publish","type":"page","link":"https:\/\/www.crecerbien.cl\/cb\/talleres\/","title":{"rendered":"Talleres"},"content":{"rendered":"<p>[vc_row][vc_column icons_position=\u00bbleft\u00bb][vc_column_text]<\/p>\n<h2>Bienvenid@<\/h2>\n<div  id=\"sc_price_2003301868\" \n\tclass=\"sc_price sc_price_default\"><div class=\"sc_price_columns_wrap sc_item_columns trx_addons_columns_wrap columns_padding_bottom\"><div class=\"trx_addons_column-1_3\"><div class=\"sc_price_item sc_price_item_default\">\n\t\t\t<div class=\"sc_price_item_image\"><img loading=\"lazy\" decoding=\"async\" src=\"https:\/\/www.crecerbien.cl\/cb\/wp-content\/uploads\/2026\/01\/IMG_3307_2-1-370x208.png\" alt=\"Icon\" width=\"370\" height=\"208\"><\/div><div class=\"sc_price_item_info\"><h6 class=\"sc_price_item_subtitle\"><span>Sucursal Las Condes<\/span><\/h6><h3 class=\"sc_price_item_title\"><span>Taller de Habilidades sociales<\/span><\/h3><div class=\"sc_price_item_description\"><span>Tratamiento Completo: $450.000<\/span><\/div><div class=\"sc_price_item_details\">10 Sesiones grupales guiadas por Psic\u00f3loga y educadora diferencial.<br><br>Para ni\u00f1os y adolescentes.<br><br>Tu hijo aprender\u00e1 habilidades sociales fundamentales para comunicarse mejor, relacionarse con otros ni\u00f1os y regular sus emociones, logrando mayor confianza, menor ansiedad social y una mejor adaptaci\u00f3n en el colegio y en la vida diaria, mediante un m\u00e9todo pr\u00e1ctico y comprobado que respeta su ritmo.<br><br>\u00a1Las familias comienzan a notar mejoras concretas desde la cuarta sesi\u00f3n!<\/div><a href=\"https:\/\/api.whatsapp.com\/send?phone=+56936900966&#038;text=Hola!%20quiero%20agendar%20una%20orientaci\u00f3n%20gratuita%20para%20saber%20m\u00e1s%20de%20los%20talleres\" class=\"sc_price_item_link sc_button\">Agenda tu orientaci\u00f3n gratuita +56961367735<\/a><\/div><!-- \/.sc_price_item_info --><\/div><\/div><div class=\"trx_addons_column-1_3\"><div class=\"sc_price_item sc_price_item_default\">\n\t\t\t<div class=\"sc_price_item_image\"><img loading=\"lazy\" decoding=\"async\" src=\"https:\/\/www.crecerbien.cl\/cb\/wp-content\/uploads\/2026\/01\/IMG_3306_2-370x208.png\" alt=\"Icon\" width=\"370\" height=\"208\"><\/div><div class=\"sc_price_item_info\"><h6 class=\"sc_price_item_subtitle\"><span>Sucursal Las Condes<\/span><\/h6><h3 class=\"sc_price_item_title\"><span>Taller de Conducta Adaptativa<\/span><\/h3><div class=\"sc_price_item_description\"><span>Tratamiento completo $1.080.000<\/span><\/div><div class=\"sc_price_item_details\">12 sesiones grupales guiadas por terapeuta ocupacional y educadora diferencial.<br><br>Para ni\u00f1os de 5 a 8 a\u00f1os.<br><br>Tu hijo aprender\u00e1 a regular su conducta, seguir instrucciones y participar adecuadamente en actividades grupales, logrando mayor autocontrol, mejor respuesta a l\u00edmites y una adaptaci\u00f3n m\u00e1s positiva tanto en el hogar como en el colegio, a trav\u00e9s de un m\u00e9todo pr\u00e1ctico y estructurado especialmente dise\u00f1ado para ni\u00f1os con desaf\u00edos en regulaci\u00f3n conductual, neurodivergencia, hiperactividad o conductas oposicionistas.<br><br>\u00a1Las familias comienzan a notar mejoras desde la segunda sesi\u00f3n!<\/div><a href=\"https:\/\/api.whatsapp.com\/send?phone=+56936900966&#038;text=Hola!%20quiero%20agendar%20una%20orientaci\u00f3n%20gratuita%20para%20saber%20m\u00e1s%20de%20los%20talleres\" class=\"sc_price_item_link sc_button\">Agenda tu orientaci\u00f3n gratuita +56961367735<\/a><\/div><!-- \/.sc_price_item_info --><\/div><\/div><div class=\"trx_addons_column-1_3\"><div class=\"sc_price_item sc_price_item_default\">\n\t\t\t<div class=\"sc_price_item_image\"><img loading=\"lazy\" decoding=\"async\" src=\"https:\/\/www.crecerbien.cl\/cb\/wp-content\/uploads\/2026\/01\/IMG_3310_2-370x208.png\" alt=\"Icon\" width=\"370\" height=\"208\"><\/div><div class=\"sc_price_item_info\"><h6 class=\"sc_price_item_subtitle\"><span>Sucursal Las Condes<\/span><\/h6><h3 class=\"sc_price_item_title\"><span>Taller de Habilidades parentales<\/span><\/h3><div class=\"sc_price_item_description\"><span>Tratamiento completo $384.000<\/span><\/div><div class=\"sc_price_item_details\">8 sesiones para 3 adultos miembros de la familia, guiadas por psic\u00f3loga\/o.<br><br>Para madres, padres y cuidadores.<br><br>Aprender\u00e1s herramientas pr\u00e1cticas de comunicaci\u00f3n para establecer l\u00edmites claros y respetuosos, generar acuerdos efectivos, ense\u00f1ar valores y normas de conducta, fortalecer el autocontrol emocional y promover una crianza basada en el respeto mutuo, mejorando la convivencia familiar y el v\u00ednculo con tus hijos desde un enfoque comprensivo y aplicable a la vida diaria.<br><br>\u00a1Resultados desde la segunda sesi\u00f3n!<\/div><a href=\"https:\/\/api.whatsapp.com\/send?phone=+56936900966&#038;text=Hola!%20quiero%20agendar%20una%20orientaci\u00f3n%20gratuita%20para%20saber%20m\u00e1s%20de%20los%20talleres\" class=\"sc_price_item_link sc_button\">Agenda tu orientaci\u00f3n gratuita +56961367735<\/a><\/div><!-- \/.sc_price_item_info --><\/div><\/div><div class=\"trx_addons_column-1_3\"><div class=\"sc_price_item sc_price_item_default\">\n\t\t\t<div class=\"sc_price_item_image\"><img loading=\"lazy\" decoding=\"async\" src=\"https:\/\/www.crecerbien.cl\/cb\/wp-content\/uploads\/2026\/01\/IMG_3308_2-370x208.png\" alt=\"Icon\" width=\"370\" height=\"208\"><\/div><div class=\"sc_price_item_info\"><h6 class=\"sc_price_item_subtitle\"><span>Sucursal Las Condes<\/span><\/h6><h3 class=\"sc_price_item_title\"><span>Taller PEERS<\/span><\/h3><div class=\"sc_price_item_description\"><span>Tratamiento completo $728.000<\/span><\/div><div class=\"sc_price_item_details\">14 sesiones grupales guiadas por educadora diferencial especializada en modelo PEERS.<br><br>Para ni\u00f1os de 9 a 12 a\u00f1os.<br><br>Tu hijo aprender\u00e1 a desarrollar habilidades sociales espec\u00edficas para iniciar y mantener amistades, mejorar la comunicaci\u00f3n con pares, comprender normas sociales, manejar el rechazo, resolver conflictos y desenvolverse con mayor seguridad en contextos sociales, a trav\u00e9s de un programa estructurado y basado en evidencia que respeta su ritmo y fortalece su autonom\u00eda social.<br><br>\u00a1Las familias comienzan a notar mejoras desde la tercera sesi\u00f3n!<\/div><a href=\"https:\/\/api.whatsapp.com\/send?phone=+56936900966&#038;text=Hola!%20quiero%20agendar%20una%20orientaci\u00f3n%20gratuita%20para%20saber%20m\u00e1s%20de%20los%20talleres\" class=\"sc_price_item_link sc_button\">Agenda tu orientaci\u00f3n gratuita +56961367735<\/a><\/div><!-- \/.sc_price_item_info --><\/div><\/div><div class=\"trx_addons_column-1_3\"><div class=\"sc_price_item sc_price_item_default\">\n\t\t\t<div class=\"sc_price_item_image\"><img loading=\"lazy\" decoding=\"async\" src=\"https:\/\/www.crecerbien.cl\/cb\/wp-content\/uploads\/2026\/01\/IMG_3313_2-370x208.png\" alt=\"Icon\" width=\"370\" height=\"208\"><\/div><div class=\"sc_price_item_info\"><h6 class=\"sc_price_item_subtitle\"><span>Sucursal Las Condes<\/span><\/h6><h3 class=\"sc_price_item_title\"><span>Terapia de trastornos severos de conducta<\/span><\/h3><div class=\"sc_price_item_description\"><span>Tratamiento completo $1.800.000<\/span><\/div><div class=\"sc_price_item_details\">20 sesiones individuales guiadas por psic\u00f3loga especialista en trastornos de la conducta infantil, Isabel Vel\u00e1squez.<br><br>Para ni\u00f1os de 8 a 12 a\u00f1os con problemas persistentes de comportamiento, conductas agresivas, dificultades de autocontrol o riesgo de expulsi\u00f3n escolar.<br><br>Incluye terapia individual, familiar y entrenamiento para padres.<\/div><a href=\"https:\/\/api.whatsapp.com\/send?phone=+56936900966&#038;text=Hola!%20quiero%20agendar%20una%20orientaci\u00f3n%20gratuita%20para%20saber%20m\u00e1s%20de%20los%20talleres\" class=\"sc_price_item_link sc_button\">Agenda tu orientaci\u00f3n gratuita +56961367735<\/a><\/div><!-- \/.sc_price_item_info --><\/div><\/div><div class=\"trx_addons_column-1_3\"><div class=\"sc_price_item sc_price_item_default\">\n\t\t\t<div class=\"sc_price_item_image\"><img loading=\"lazy\" decoding=\"async\" src=\"https:\/\/www.crecerbien.cl\/cb\/wp-content\/uploads\/2026\/01\/IMG_3314_2-370x208.png\" alt=\"Icon\" width=\"370\" height=\"208\"><\/div><div class=\"sc_price_item_info\"><h6 class=\"sc_price_item_subtitle\"><span>Sucursal Las Condes<\/span><\/h6><h3 class=\"sc_price_item_title\"><span>Taller de Conducta Alimentaria<\/span><\/h3><div class=\"sc_price_item_description\"><span>Tratamiento completo $540.000<\/span><\/div><div class=\"sc_price_item_details\">12 sesiones grupales guiadas por psic\u00f3logo especialista en TCA.<br><br>Para personas mayores de 18 a\u00f1os.<br><br>El participante aprender\u00e1 a comprender y regular su relaci\u00f3n con la comida, identificar los detonantes emocionales de su conducta alimentaria y disminuir episodios de descontrol o atrac\u00f3n, desarrollando estrategias de autorregulaci\u00f3n m\u00e1s saludables para lograr mayor bienestar emocional y una relaci\u00f3n m\u00e1s consciente y estable con la alimentaci\u00f3n.<br><br>A trav\u00e9s de un abordaje grupal terap\u00e9utico especializado y basado en evidencia, que reduce la verg\u00fcenza y el estigma, aumenta la motivaci\u00f3n y favorece el cambio al compartir la experiencia con otros.<\/div><a href=\"https:\/\/api.whatsapp.com\/send?phone=+56936900966&#038;text=Hola!%20quiero%20agendar%20una%20orientaci\u00f3n%20gratuita%20para%20saber%20m\u00e1s%20de%20los%20talleres\" class=\"sc_price_item_link sc_button\">Agenda tu orientaci\u00f3n gratuita +56961367735<\/a><\/div><!-- \/.sc_price_item_info --><\/div><\/div><\/div><\/div><!-- \/.sc_price -->\n","protected":false},"excerpt":{"rendered":"<p>[vc_row][vc_column icons_position=\u00bbleft\u00bb][vc_column_text] Bienvenid@<\/p>\n","protected":false},"author":1,"featured_media":0,"parent":0,"menu_order":0,"comment_status":"closed","ping_status":"closed","template":"","meta":{"footnotes":""},"class_list":["post-2137","page","type-page","status-publish","hentry"],"_links":{"self":[{"href":"https:\/\/www.crecerbien.cl\/cb\/wp-json\/wp\/v2\/pages\/2137","targetHints":{"allow":["GET"]}}],"collection":[{"href":"https:\/\/www.crecerbien.cl\/cb\/wp-json\/wp\/v2\/pages"}],"about":[{"href":"https:\/\/www.crecerbien.cl\/cb\/wp-json\/wp\/v2\/types\/page"}],"author":[{"embeddable":true,"href":"https:\/\/www.crecerbien.cl\/cb\/wp-json\/wp\/v2\/users\/1"}],"replies":[{"embeddable":true,"href":"https:\/\/www.crecerbien.cl\/cb\/wp-json\/wp\/v2\/comments?post=2137"}],"version-history":[{"count":129,"href":"https:\/\/www.crecerbien.cl\/cb\/wp-json\/wp\/v2\/pages\/2137\/revisions"}],"predecessor-version":[{"id":2894,"href":"https:\/\/www.crecerbien.cl\/cb\/wp-json\/wp\/v2\/pages\/2137\/revisions\/2894"}],"wp:attachment":[{"href":"https:\/\/www.crecerbien.cl\/cb\/wp-json\/wp\/v2\/media?parent=2137"}],"curies":[{"name":"wp","href":"https:\/\/api.w.org\/{rel}","templated":true}]}}